{"id":298,"date":"2021-11-08T06:07:50","date_gmt":"2021-11-08T06:07:50","guid":{"rendered":"https:\/\/www.komunikacni-karty.cz\/?page_id=298"},"modified":"2022-01-12T15:50:41","modified_gmt":"2022-01-12T15:50:41","slug":"pdf-karty-download","status":"publish","type":"page","link":"https:\/\/www.komunikacni-karty.cz\/index.php\/pdf-karty-download\/","title":{"rendered":"Ke sta\u017een\u00ed"},"content":{"rendered":"\t\t<div data-elementor-type=\"wp-page\" data-elementor-id=\"298\" class=\"elementor elementor-298\" data-elementor-settings=\"[]\">\n\t\t\t\t\t\t\t<div class=\"elementor-section-wrap\">\n\t\t\t\t\t\t\t<section class=\"elementor-section elementor-top-section elementor-element elementor-element-25b9ca1 elementor-section-boxed elementor-section-height-default elementor-section-height-default\" data-id=\"25b9ca1\" data-element_type=\"section\">\n\t\t\t\t\t\t<div class=\"elementor-container elementor-column-gap-default\">\n\t\t\t\t\t<div class=\"elementor-column elementor-col-100 elementor-top-column elementor-element elementor-element-088b36b\" data-id=\"088b36b\" data-element_type=\"column\">\n\t\t\t<div class=\"elementor-widget-wrap elementor-element-populated\">\n\t\t\t\t\t\t\t\t<div class=\"elementor-element elementor-element-380f52d elementor-widget elementor-widget-heading\" data-id=\"380f52d\" data-element_type=\"widget\" data-widget_type=\"heading.default\">\n\t\t\t\t<div class=\"elementor-widget-container\">\n\t\t\t<h2 class=\"elementor-heading-title elementor-size-default\">Sada O\u0160ET\u0158OVATELSTV\u00cd, odpov\u011b\u010f na ot\u00e1zku: Co pot\u0159ebujete, s \u010d\u00edm V\u00e1m mohu pomoci ?<\/h2>\t\t<\/div>\n\t\t\t\t<\/div>\n\t\t\t\t<div class=\"elementor-element elementor-element-58add59 elementor-widget elementor-widget-image\" data-id=\"58add59\" data-element_type=\"widget\" data-widget_type=\"image.default\">\n\t\t\t\t<div class=\"elementor-widget-container\">\n\t\t\t\t\t\t\t\t\t\t\t\t\t\t\t<img width=\"1024\" height=\"503\" src=\"https:\/\/www.komunikacni-karty.cz\/wp-content\/uploads\/2021\/11\/sada-osetrovatel-1024x503.jpg\" class=\"attachment-large size-large\" alt=\"\" loading=\"lazy\" \/>\t\t\t\t\t\t\t\t\t\t\t\t\t\t\t<\/div>\n\t\t\t\t<\/div>\n\t\t\t\t\t<\/div>\n\t\t<\/div>\n\t\t\t\t\t\t\t<\/div>\n\t\t<\/section>\n\t\t\t\t<section class=\"elementor-section elementor-top-section elementor-element elementor-element-bb18d75 elementor-section-boxed elementor-section-height-default elementor-section-height-default\" data-id=\"bb18d75\" data-element_type=\"section\">\n\t\t\t\t\t\t<div class=\"elementor-container elementor-column-gap-default\">\n\t\t\t\t\t<div class=\"elementor-column elementor-col-100 elementor-top-column elementor-element elementor-element-2a98371\" data-id=\"2a98371\" data-element_type=\"column\">\n\t\t\t<div class=\"elementor-widget-wrap\">\n\t\t\t\t\t\t\t\t\t<\/div>\n\t\t<\/div>\n\t\t\t\t\t\t\t<\/div>\n\t\t<\/section>\n\t\t\t\t<section class=\"elementor-section elementor-top-section elementor-element elementor-element-9235560 elementor-section-boxed elementor-section-height-default elementor-section-height-default\" data-id=\"9235560\" data-element_type=\"section\">\n\t\t\t\t\t\t<div class=\"elementor-container elementor-column-gap-default\">\n\t\t\t\t\t<div class=\"elementor-column elementor-col-100 elementor-top-column elementor-element elementor-element-7896aa5\" data-id=\"7896aa5\" data-element_type=\"column\">\n\t\t\t<div class=\"elementor-widget-wrap elementor-element-populated\">\n\t\t\t\t\t\t\t\t<div class=\"elementor-element elementor-element-866f7ad elementor-widget elementor-widget-text-editor\" data-id=\"866f7ad\" data-element_type=\"widget\" data-widget_type=\"text-editor.default\">\n\t\t\t\t<div class=\"elementor-widget-container\">\n\t\t\t\t\t\t\t<p>Pacient uk\u00e1z\u00e1n\u00edm na obr\u00e1zek sd\u011bluje sv\u00e9 pot\u0159eby nebo po\u017eadavky, p\u0159\u00edpadn\u011b odpov\u00edd\u00e1 kartami ANO, NE, NEV\u00cdM na dotazy zdravotn\u00edka. <a href=\"http:\/\/www.komunikacni-karty.cz\/wp-content\/uploads\/2021\/11\/1_Letak_OSETROVATELSTVI-1.pdf\">St\u00e1hnout soubor PDF<\/a>.<\/p>\t\t\t\t\t\t<\/div>\n\t\t\t\t<\/div>\n\t\t\t\t\t<\/div>\n\t\t<\/div>\n\t\t\t\t\t\t\t<\/div>\n\t\t<\/section>\n\t\t\t\t<section class=\"elementor-section elementor-top-section elementor-element elementor-element-1ccb849 elementor-section-boxed elementor-section-height-default elementor-section-height-default\" data-id=\"1ccb849\" data-element_type=\"section\">\n\t\t\t\t\t\t<div class=\"elementor-container elementor-column-gap-default\">\n\t\t\t\t\t<div class=\"elementor-column elementor-col-100 elementor-top-column elementor-element elementor-element-8a05af7\" data-id=\"8a05af7\" data-element_type=\"column\">\n\t\t\t<div class=\"elementor-widget-wrap elementor-element-populated\">\n\t\t\t\t\t\t\t\t<div class=\"elementor-element elementor-element-5a31399 elementor-widget elementor-widget-heading\" data-id=\"5a31399\" data-element_type=\"widget\" data-widget_type=\"heading.default\">\n\t\t\t\t<div class=\"elementor-widget-container\">\n\t\t\t<h2 class=\"elementor-heading-title elementor-size-default\">Sada BOLEST, odpov\u011b\u010f na ot\u00e1zku: Co nebo kde V\u00e1s n\u011bco bol\u00ed ?<\/h2>\t\t<\/div>\n\t\t\t\t<\/div>\n\t\t\t\t\t<\/div>\n\t\t<\/div>\n\t\t\t\t\t\t\t<\/div>\n\t\t<\/section>\n\t\t\t\t<section class=\"elementor-section elementor-top-section elementor-element elementor-element-c695ffe elementor-section-boxed elementor-section-height-default elementor-section-height-default\" data-id=\"c695ffe\" data-element_type=\"section\">\n\t\t\t\t\t\t<div class=\"elementor-container elementor-column-gap-default\">\n\t\t\t\t\t<div class=\"elementor-column elementor-col-100 elementor-top-column elementor-element elementor-element-22978bb\" data-id=\"22978bb\" data-element_type=\"column\">\n\t\t\t<div class=\"elementor-widget-wrap elementor-element-populated\">\n\t\t\t\t\t\t\t\t<div class=\"elementor-element elementor-element-b2dfe2f elementor-widget elementor-widget-image\" data-id=\"b2dfe2f\" data-element_type=\"widget\" data-widget_type=\"image.default\">\n\t\t\t\t<div class=\"elementor-widget-container\">\n\t\t\t\t\t\t\t\t\t\t\t\t\t\t\t<img width=\"1013\" height=\"502\" src=\"https:\/\/www.komunikacni-karty.cz\/wp-content\/uploads\/2022\/01\/sada-bolest-1.jpg\" class=\"attachment-large size-large\" alt=\"\" loading=\"lazy\" \/>\t\t\t\t\t\t\t\t\t\t\t\t\t\t\t<\/div>\n\t\t\t\t<\/div>\n\t\t\t\t\t<\/div>\n\t\t<\/div>\n\t\t\t\t\t\t\t<\/div>\n\t\t<\/section>\n\t\t\t\t<section class=\"elementor-section elementor-top-section elementor-element elementor-element-abd9539 elementor-section-boxed elementor-section-height-default elementor-section-height-default\" data-id=\"abd9539\" data-element_type=\"section\">\n\t\t\t\t\t\t<div class=\"elementor-container elementor-column-gap-default\">\n\t\t\t\t\t<div class=\"elementor-column elementor-col-100 elementor-top-column elementor-element elementor-element-dad8bfb\" data-id=\"dad8bfb\" data-element_type=\"column\">\n\t\t\t<div class=\"elementor-widget-wrap elementor-element-populated\">\n\t\t\t\t\t\t\t\t<div class=\"elementor-element elementor-element-6b0c903 elementor-widget elementor-widget-text-editor\" data-id=\"6b0c903\" data-element_type=\"widget\" data-widget_type=\"text-editor.default\">\n\t\t\t\t<div class=\"elementor-widget-container\">\n\t\t\t\t\t\t\t<p>Pacient uk\u00e1z\u00e1n\u00edm na obr\u00e1zek sd\u011bluje sv\u00e9 akutn\u00ed obt\u00ed\u017ee nebo m\u00edsto bolesti, p\u0159\u00edpadn\u011b odpov\u00edd\u00e1 kartami ANO, NE, NEV\u00cdM na dotazy zdravotn\u00edka. <a href=\"http:\/\/www.komunikacni-karty.cz\/wp-content\/uploads\/2021\/11\/3_Letak_BOLEST.pdf\">St\u00e1hnout soubor PDF<\/a>.<\/p>\t\t\t\t\t\t<\/div>\n\t\t\t\t<\/div>\n\t\t\t\t<div class=\"elementor-element elementor-element-5e691f7 elementor-widget elementor-widget-image\" data-id=\"5e691f7\" data-element_type=\"widget\" data-widget_type=\"image.default\">\n\t\t\t\t<div class=\"elementor-widget-container\">\n\t\t\t\t\t\t\t\t\t\t\t\t\t\t\t<img src=\"http:\/\/www.komunikacni-karty.cz\/wp-content\/uploads\/2022\/01\/3_Letak_BOLEST.pdf\" title=\"\" alt=\"\" \/>\t\t\t\t\t\t\t\t\t\t\t\t\t\t\t<\/div>\n\t\t\t\t<\/div>\n\t\t\t\t\t<\/div>\n\t\t<\/div>\n\t\t\t\t\t\t\t<\/div>\n\t\t<\/section>\n\t\t\t\t<section class=\"elementor-section elementor-top-section elementor-element elementor-element-9a2119a elementor-section-boxed elementor-section-height-default elementor-section-height-default\" data-id=\"9a2119a\" data-element_type=\"section\">\n\t\t\t\t\t\t<div class=\"elementor-container elementor-column-gap-default\">\n\t\t\t\t\t<div class=\"elementor-column elementor-col-100 elementor-top-column elementor-element elementor-element-18dd3f9\" data-id=\"18dd3f9\" data-element_type=\"column\">\n\t\t\t<div class=\"elementor-widget-wrap elementor-element-populated\">\n\t\t\t\t\t\t\t\t<div class=\"elementor-element elementor-element-c52be88 elementor-widget elementor-widget-heading\" data-id=\"c52be88\" data-element_type=\"widget\" data-widget_type=\"heading.default\">\n\t\t\t\t<div class=\"elementor-widget-container\">\n\t\t\t<h2 class=\"elementor-heading-title elementor-size-default\">ANAMN\u00c9ZA, odpov\u011b\u010f na ot\u00e1zku: Jak nebo s \u010d\u00edm se te\u010f l\u00e9\u010d\u00edte ?<\/h2>\t\t<\/div>\n\t\t\t\t<\/div>\n\t\t\t\t\t<\/div>\n\t\t<\/div>\n\t\t\t\t\t\t\t<\/div>\n\t\t<\/section>\n\t\t\t\t<section class=\"elementor-section elementor-top-section elementor-element elementor-element-870480b elementor-section-boxed elementor-section-height-default elementor-section-height-default\" data-id=\"870480b\" data-element_type=\"section\">\n\t\t\t\t\t\t<div class=\"elementor-container elementor-column-gap-default\">\n\t\t\t\t\t<div class=\"elementor-column elementor-col-100 elementor-top-column elementor-element elementor-element-1a5d6cb\" data-id=\"1a5d6cb\" data-element_type=\"column\">\n\t\t\t<div class=\"elementor-widget-wrap elementor-element-populated\">\n\t\t\t\t\t\t\t\t<div class=\"elementor-element elementor-element-842e383 elementor-widget elementor-widget-image\" data-id=\"842e383\" data-element_type=\"widget\" data-widget_type=\"image.default\">\n\t\t\t\t<div class=\"elementor-widget-container\">\n\t\t\t\t\t\t\t\t\t\t\t\t\t\t\t<img width=\"1024\" height=\"508\" src=\"https:\/\/www.komunikacni-karty.cz\/wp-content\/uploads\/2021\/11\/sada-anamneza-1024x508.jpg\" class=\"attachment-large size-large\" alt=\"\" loading=\"lazy\" \/>\t\t\t\t\t\t\t\t\t\t\t\t\t\t\t<\/div>\n\t\t\t\t<\/div>\n\t\t\t\t\t<\/div>\n\t\t<\/div>\n\t\t\t\t\t\t\t<\/div>\n\t\t<\/section>\n\t\t\t\t<section class=\"elementor-section elementor-top-section elementor-element elementor-element-0902b27 elementor-section-boxed elementor-section-height-default elementor-section-height-default\" data-id=\"0902b27\" data-element_type=\"section\">\n\t\t\t\t\t\t<div class=\"elementor-container elementor-column-gap-default\">\n\t\t\t\t\t<div class=\"elementor-column elementor-col-100 elementor-top-column elementor-element elementor-element-507bef8\" data-id=\"507bef8\" data-element_type=\"column\">\n\t\t\t<div class=\"elementor-widget-wrap elementor-element-populated\">\n\t\t\t\t\t\t\t\t<div class=\"elementor-element elementor-element-73bf025 elementor-widget elementor-widget-text-editor\" data-id=\"73bf025\" data-element_type=\"widget\" data-widget_type=\"text-editor.default\">\n\t\t\t\t<div class=\"elementor-widget-container\">\n\t\t\t\t\t\t\t<p>Pacient obr\u00e1zkem sd\u011bluje, s \u010d\u00edm je dosud l\u00e9\u010den, p\u0159\u00edpadn\u011b odpov\u00edd\u00e1 kartami ANO, NE, NEV\u00cdM na dotazy zdravotn\u00edka. <a href=\"http:\/\/www.komunikacni-karty.cz\/wp-content\/uploads\/2021\/11\/2_Letak_ANAMNEZA.pdf\">St\u00e1hnout soubor PDF<\/a>.<\/p>\t\t\t\t\t\t<\/div>\n\t\t\t\t<\/div>\n\t\t\t\t\t<\/div>\n\t\t<\/div>\n\t\t\t\t\t\t\t<\/div>\n\t\t<\/section>\n\t\t\t\t<section class=\"elementor-section elementor-top-section elementor-element elementor-element-58945ef elementor-section-boxed elementor-section-height-default elementor-section-height-default\" data-id=\"58945ef\" data-element_type=\"section\">\n\t\t\t\t\t\t<div class=\"elementor-container elementor-column-gap-default\">\n\t\t\t\t\t<div class=\"elementor-column elementor-col-100 elementor-top-column elementor-element elementor-element-a8de5b0\" data-id=\"a8de5b0\" data-element_type=\"column\">\n\t\t\t<div class=\"elementor-widget-wrap elementor-element-populated\">\n\t\t\t\t\t\t\t\t<div class=\"elementor-element elementor-element-0f3639f elementor-widget elementor-widget-heading\" data-id=\"0f3639f\" data-element_type=\"widget\" data-widget_type=\"heading.default\">\n\t\t\t\t<div class=\"elementor-widget-container\">\n\t\t\t<h2 class=\"elementor-heading-title elementor-size-default\">Sada CHARAKTER BOLESTI a \u00daLEVOV\u00c9 POLOHY (sdru\u017een\u00e1 t\u00e9mata)<\/h2>\t\t<\/div>\n\t\t\t\t<\/div>\n\t\t\t\t\t<\/div>\n\t\t<\/div>\n\t\t\t\t\t\t\t<\/div>\n\t\t<\/section>\n\t\t\t\t<section class=\"elementor-section elementor-top-section elementor-element elementor-element-746ea3a elementor-section-boxed elementor-section-height-default elementor-section-height-default\" data-id=\"746ea3a\" data-element_type=\"section\">\n\t\t\t\t\t\t<div class=\"elementor-container elementor-column-gap-default\">\n\t\t\t\t\t<div class=\"elementor-column elementor-col-100 elementor-top-column elementor-element elementor-element-f6709f1\" data-id=\"f6709f1\" data-element_type=\"column\">\n\t\t\t<div class=\"elementor-widget-wrap elementor-element-populated\">\n\t\t\t\t\t\t\t\t<div class=\"elementor-element elementor-element-6621a7c elementor-widget elementor-widget-text-editor\" data-id=\"6621a7c\" data-element_type=\"widget\" data-widget_type=\"text-editor.default\">\n\t\t\t\t<div class=\"elementor-widget-container\">\n\t\t\t\t\t\t\t<p>Odpov\u011b\u010f na ot\u00e1zku: Jakou bolest c\u00edt\u00edte ?<\/p><p>Odpov\u011b\u010f na ot\u00e1zku: Kdy se V\u00e1m ulev\u00ed ?<\/p>\t\t\t\t\t\t<\/div>\n\t\t\t\t<\/div>\n\t\t\t\t\t<\/div>\n\t\t<\/div>\n\t\t\t\t\t\t\t<\/div>\n\t\t<\/section>\n\t\t\t\t<section class=\"elementor-section elementor-top-section elementor-element elementor-element-a4141e6 elementor-section-boxed elementor-section-height-default elementor-section-height-default\" data-id=\"a4141e6\" data-element_type=\"section\">\n\t\t\t\t\t\t<div class=\"elementor-container elementor-column-gap-default\">\n\t\t\t\t\t<div class=\"elementor-column elementor-col-100 elementor-top-column elementor-element elementor-element-68bd0b5\" data-id=\"68bd0b5\" data-element_type=\"column\">\n\t\t\t<div class=\"elementor-widget-wrap elementor-element-populated\">\n\t\t\t\t\t\t\t\t<div class=\"elementor-element elementor-element-0702f39 elementor-widget elementor-widget-image\" data-id=\"0702f39\" data-element_type=\"widget\" data-widget_type=\"image.default\">\n\t\t\t\t<div class=\"elementor-widget-container\">\n\t\t\t\t\t\t\t\t\t\t\t\t\t\t\t<img width=\"1024\" height=\"502\" src=\"https:\/\/www.komunikacni-karty.cz\/wp-content\/uploads\/2021\/11\/sada-charakter-bolesti-uleva-1-1024x502.jpg\" class=\"attachment-large size-large\" alt=\"\" loading=\"lazy\" \/>\t\t\t\t\t\t\t\t\t\t\t\t\t\t\t<\/div>\n\t\t\t\t<\/div>\n\t\t\t\t\t<\/div>\n\t\t<\/div>\n\t\t\t\t\t\t\t<\/div>\n\t\t<\/section>\n\t\t\t\t<section class=\"elementor-section elementor-top-section elementor-element elementor-element-a554431 elementor-section-boxed elementor-section-height-default elementor-section-height-default\" data-id=\"a554431\" data-element_type=\"section\">\n\t\t\t\t\t\t<div class=\"elementor-container elementor-column-gap-default\">\n\t\t\t\t\t<div class=\"elementor-column elementor-col-100 elementor-top-column elementor-element elementor-element-a691897\" data-id=\"a691897\" data-element_type=\"column\">\n\t\t\t<div class=\"elementor-widget-wrap elementor-element-populated\">\n\t\t\t\t\t\t\t\t<div class=\"elementor-element elementor-element-16278a2 elementor-widget elementor-widget-text-editor\" data-id=\"16278a2\" data-element_type=\"widget\" data-widget_type=\"text-editor.default\">\n\t\t\t\t<div class=\"elementor-widget-container\">\n\t\t\t\t\t\t\t<p>Pacient obr\u00e1zkem popisuje charakter poci\u0165ovan\u00e9 bolesti, p\u0159\u00edpadn\u011b uv\u00e1d\u00ed, p\u0159i jak\u00e9 poloze t\u011bla nast\u00e1v\u00e1 \u00faleva od bolesti; podle pot\u0159eby odpov\u00edd\u00e1 kartami ANO, NE, NEV\u00cdM na dotazy zdravotn\u00edka. <a href=\"http:\/\/www.komunikacni-karty.cz\/wp-content\/uploads\/2021\/11\/4_Letak_CHARAKTER-BOLESTI.pdf\">St\u00e1hnout soubor PDF<\/a>.<\/p>\t\t\t\t\t\t<\/div>\n\t\t\t\t<\/div>\n\t\t\t\t\t<\/div>\n\t\t<\/div>\n\t\t\t\t\t\t\t<\/div>\n\t\t<\/section>\n\t\t\t\t\t\t<\/div>\n\t\t\t\t\t<\/div>\n\t\t","protected":false},"excerpt":{"rendered":"<p>Sada O\u0160ET\u0158OVATELSTV\u00cd, odpov\u011b\u010f na ot\u00e1zku: Co pot\u0159ebujete, s \u010d\u00edm V\u00e1m mohu pomoci ? Pacient uk\u00e1z\u00e1n\u00edm na obr\u00e1zek sd\u011bluje sv\u00e9 pot\u0159eby nebo po\u017eadavky, p\u0159\u00edpadn\u011b odpov\u00edd\u00e1 kartami ANO, NE, NEV\u00cdM na dotazy zdravotn\u00edka. St\u00e1hnout soubor PDF. Sada BOLEST, odpov\u011b\u010f na ot\u00e1zku: Co nebo kde V\u00e1s n\u011bco bol\u00ed ? Pacient uk\u00e1z\u00e1n\u00edm na obr\u00e1zek sd\u011bluje sv\u00e9 akutn\u00ed obt\u00ed\u017ee nebo &hellip;<\/p>\n<p class=\"read-more\"> <a class=\"\" href=\"https:\/\/www.komunikacni-karty.cz\/index.php\/pdf-karty-download\/\"> <span class=\"screen-reader-text\">Ke sta\u017een\u00ed<\/span> Read More &raquo;<\/a><\/p>\n","protected":false},"author":1,"featured_media":0,"parent":0,"menu_order":0,"comment_status":"closed","ping_status":"closed","template":"","meta":[],"_links":{"self":[{"href":"https:\/\/www.komunikacni-karty.cz\/index.php\/wp-json\/wp\/v2\/pages\/298"}],"collection":[{"href":"https:\/\/www.komunikacni-karty.cz\/index.php\/wp-json\/wp\/v2\/pages"}],"about":[{"href":"https:\/\/www.komunikacni-karty.cz\/index.php\/wp-json\/wp\/v2\/types\/page"}],"author":[{"embeddable":true,"href":"https:\/\/www.komunikacni-karty.cz\/index.php\/wp-json\/wp\/v2\/users\/1"}],"replies":[{"embeddable":true,"href":"https:\/\/www.komunikacni-karty.cz\/index.php\/wp-json\/wp\/v2\/comments?post=298"}],"version-history":[{"count":35,"href":"https:\/\/www.komunikacni-karty.cz\/index.php\/wp-json\/wp\/v2\/pages\/298\/revisions"}],"predecessor-version":[{"id":554,"href":"https:\/\/www.komunikacni-karty.cz\/index.php\/wp-json\/wp\/v2\/pages\/298\/revisions\/554"}],"wp:attachment":[{"href":"https:\/\/www.komunikacni-karty.cz\/index.php\/wp-json\/wp\/v2\/media?parent=298"}],"curies":[{"name":"wp","href":"https:\/\/api.w.org\/{rel}","templated":true}]}}