{"id":301,"date":"2021-11-08T06:08:37","date_gmt":"2021-11-08T06:08:37","guid":{"rendered":"https:\/\/www.komunikacni-karty.cz\/?page_id=301"},"modified":"2022-01-10T10:50:43","modified_gmt":"2022-01-10T10:50:43","slug":"e-karty-download","status":"publish","type":"page","link":"https:\/\/www.komunikacni-karty.cz\/index.php\/e-karty-download\/","title":{"rendered":"Ke sta\u017een\u00ed"},"content":{"rendered":"\t\t<div data-elementor-type=\"wp-page\" data-elementor-id=\"301\" class=\"elementor elementor-301\" data-elementor-settings=\"[]\">\n\t\t\t\t\t\t\t<div class=\"elementor-section-wrap\">\n\t\t\t\t\t\t\t<section class=\"elementor-section elementor-top-section elementor-element elementor-element-687e7f9a elementor-section-boxed elementor-section-height-default elementor-section-height-default\" data-id=\"687e7f9a\" data-element_type=\"section\">\n\t\t\t\t\t\t<div class=\"elementor-container elementor-column-gap-default\">\n\t\t\t\t\t<div class=\"elementor-column elementor-col-100 elementor-top-column elementor-element elementor-element-94e63f5\" data-id=\"94e63f5\" data-element_type=\"column\">\n\t\t\t<div class=\"elementor-widget-wrap elementor-element-populated\">\n\t\t\t\t\t\t\t\t<div class=\"elementor-element elementor-element-4eee367b elementor-widget elementor-widget-text-editor\" data-id=\"4eee367b\" data-element_type=\"widget\" data-widget_type=\"text-editor.default\">\n\t\t\t\t<div class=\"elementor-widget-container\">\n\t\t\t\t\t\t\t<!-- wp:paragraph -->\n<p><strong>Svazek m\u0159\u00ed\u017eek ke sta\u017een\u00ed<\/strong><\/p>\n<ul>\n<li><a href=\"http:\/\/www.komunikacni-karty.cz\/wp-content\/uploads\/2021\/11\/Komunikacni_tabulky_v_ambulanci_ci_nemocnici.zip\">Komunika\u010dn\u00ed tabulky ve zdravotnictv\u00ed<\/a><\/li>\n<\/ul>\n<p><strong>N\u00e1vod ke sta\u017een\u00ed:<\/strong><\/p>\n<ul>\n<li><a href=\"http:\/\/www.komunikacni-karty.cz\/wp-content\/uploads\/2021\/11\/Grid3-treninkove-karty.pdf\">GRID &#8211; tr\u00e9ninkov\u00e9 karty (\u010desk\u00fd n\u00e1vod)<\/a><\/li>\n<li><a href=\"http:\/\/www.komunikacni-karty.cz\/wp-content\/uploads\/2022\/01\/GridPlayer-manual_CZ.pdf\">GridPlayer &#8211; manu\u00e1l (\u010desk\u00fd n\u00e1vod)<\/a><\/li>\n<li><a href=\"http:\/\/www.komunikacni-karty.cz\/wp-content\/uploads\/2021\/11\/Grid3-Getting-Started.pdf\">GRID &#8211; Getting Started (anglick\u00fd n\u00e1vod)<\/a><\/li>\n<li><a href=\"http:\/\/www.komunikacni-karty.cz\/wp-content\/uploads\/2021\/11\/Grid-Player-Manual.pdf\">GridPlayer &#8211; Manual (anglick\u00fd n\u00e1vod k\u00a0aplikaci pro tablet)<\/a><\/li>\n<\/ul>\n<p><strong>Odkazy:<\/strong><\/p>\n<ul>\n<li>Odkaz na str\u00e1nky anglick\u00e9ho v\u00fdrobce: <a href=\"https:\/\/thinksmartbox.com\/\">https:\/\/thinksmartbox.com\/<\/a><\/li>\n<li>Odkaz na str\u00e1nky \u010desk\u00e9ho distributora: <a href=\"http:\/\/www.spektra.eu\/\">http:\/\/www.spektra.eu\/<\/a><\/li>\n<\/ul>\n<!-- \/wp:paragraph -->\t\t\t\t\t\t<\/div>\n\t\t\t\t<\/div>\n\t\t\t\t\t<\/div>\n\t\t<\/div>\n\t\t\t\t\t\t\t<\/div>\n\t\t<\/section>\n\t\t\t\t\t\t<\/div>\n\t\t\t\t\t<\/div>\n\t\t","protected":false},"excerpt":{"rendered":"<p>Svazek m\u0159\u00ed\u017eek ke sta\u017een\u00ed Komunika\u010dn\u00ed tabulky ve zdravotnictv\u00ed N\u00e1vod ke sta\u017een\u00ed: GRID &#8211; tr\u00e9ninkov\u00e9 karty (\u010desk\u00fd n\u00e1vod) GridPlayer &#8211; manu\u00e1l (\u010desk\u00fd n\u00e1vod) GRID &#8211; Getting Started (anglick\u00fd n\u00e1vod) GridPlayer &#8211; Manual (anglick\u00fd n\u00e1vod k\u00a0aplikaci pro tablet) Odkazy: Odkaz na str\u00e1nky anglick\u00e9ho v\u00fdrobce: https:\/\/thinksmartbox.com\/ Odkaz na str\u00e1nky \u010desk\u00e9ho distributora: http:\/\/www.spektra.eu\/<\/p>\n","protected":false},"author":1,"featured_media":0,"parent":0,"menu_order":0,"comment_status":"closed","ping_status":"closed","template":"","meta":[],"_links":{"self":[{"href":"https:\/\/www.komunikacni-karty.cz\/index.php\/wp-json\/wp\/v2\/pages\/301"}],"collection":[{"href":"https:\/\/www.komunikacni-karty.cz\/index.php\/wp-json\/wp\/v2\/pages"}],"about":[{"href":"https:\/\/www.komunikacni-karty.cz\/index.php\/wp-json\/wp\/v2\/types\/page"}],"author":[{"embeddable":true,"href":"https:\/\/www.komunikacni-karty.cz\/index.php\/wp-json\/wp\/v2\/users\/1"}],"replies":[{"embeddable":true,"href":"https:\/\/www.komunikacni-karty.cz\/index.php\/wp-json\/wp\/v2\/comments?post=301"}],"version-history":[{"count":15,"href":"https:\/\/www.komunikacni-karty.cz\/index.php\/wp-json\/wp\/v2\/pages\/301\/revisions"}],"predecessor-version":[{"id":548,"href":"https:\/\/www.komunikacni-karty.cz\/index.php\/wp-json\/wp\/v2\/pages\/301\/revisions\/548"}],"wp:attachment":[{"href":"https:\/\/www.komunikacni-karty.cz\/index.php\/wp-json\/wp\/v2\/media?parent=301"}],"curies":[{"name":"wp","href":"https:\/\/api.w.org\/{rel}","templated":true}]}}