{"id":318,"date":"2021-11-08T06:23:14","date_gmt":"2021-11-08T06:23:14","guid":{"rendered":"https:\/\/www.komunikacni-karty.cz\/?page_id=318"},"modified":"2021-12-21T13:01:16","modified_gmt":"2021-12-21T13:01:16","slug":"e-karty-10comm","status":"publish","type":"page","link":"https:\/\/www.komunikacni-karty.cz\/index.php\/e-karty-10comm\/","title":{"rendered":"Desatero komunikace"},"content":{"rendered":"\t\t<div data-elementor-type=\"wp-page\" data-elementor-id=\"318\" class=\"elementor elementor-318\" data-elementor-settings=\"[]\">\n\t\t\t\t\t\t\t<div class=\"elementor-section-wrap\">\n\t\t\t\t\t\t\t<section class=\"elementor-section elementor-top-section elementor-element elementor-element-6c59ab65 elementor-section-boxed elementor-section-height-default elementor-section-height-default\" data-id=\"6c59ab65\" data-element_type=\"section\">\n\t\t\t\t\t\t<div class=\"elementor-container elementor-column-gap-default\">\n\t\t\t\t\t<div class=\"elementor-column elementor-col-100 elementor-top-column elementor-element elementor-element-c1c7397\" data-id=\"c1c7397\" data-element_type=\"column\">\n\t\t\t<div class=\"elementor-widget-wrap elementor-element-populated\">\n\t\t\t\t\t\t\t\t<div class=\"elementor-element elementor-element-1855e25e elementor-widget elementor-widget-text-editor\" data-id=\"1855e25e\" data-element_type=\"widget\" data-widget_type=\"text-editor.default\">\n\t\t\t\t<div class=\"elementor-widget-container\">\n\t\t\t\t\t\t\t<p><!-- wp:paragraph --><\/p>\n<p><strong>Jak a kdy karty pou\u017e\u00edvat?<\/strong><\/p>\n<p><!-- \/wp:paragraph --><\/p>\n<p><!-- wp:paragraph --><\/p>\n<ol>\n<li>Pacient komunikuje tak, \u017ee na karty z p\u0159im\u011b\u0159en\u00e9 vzd\u00e1lenosti ukazuje. Karty mus\u00ed b\u00fdt v zorn\u00e9m poli pacienta.<\/li>\n<li>Pokud to lze a pacient souhlas\u00ed, vlo\u017ete karty pacientovi do ruky.<\/li>\n<li>Nesp\u011bchejte, karty ponechte dostate\u010dnou dobu v zorn\u00e9m poli pacienta, ov\u011b\u0159ujte si, zda se na karty d\u00edv\u00e1.<\/li>\n<li>Pozorujte, zda pacient rozeznal symbol a reaguje na n\u011bj. Klidn\u00fdm hlasem m\u016f\u017eete sd\u011blit dal\u0161\u00ed informace a koment\u00e1\u0159.<\/li>\n<li>Pokud pacient nereaguje, povzbu\u010fte jeho pozornost poklep\u00e1n\u00edm, pohybem, apod.<\/li>\n<li>V\u00fdb\u011br pacientem zvolen\u00e9 karty potvr\u010fte slovn\u00edm sd\u011blen\u00edm, nap\u0159. zopakov\u00e1n\u00edm v\u00fdznamu karty.<\/li>\n<li>V p\u0159\u00edpad\u011b, \u017ee si nejste odpov\u011bd\u00ed pacienta jisti, dejte mu mo\u017enost opakovan\u011b zvolit kartu nebo svou volbu zm\u011bnit.<\/li>\n<li>Dle \u00farovn\u011b vn\u00edm\u00e1n\u00ed a porozum\u011bn\u00ed pacienta m\u016f\u017eete p\u0159id\u00e1vat dal\u0161\u00ed kr\u00e1tk\u00e9 slovn\u00ed popisy, nap\u0159. \u201eBolest zm\u00edrn\u00edme injekc\u00ed\u201c, \u201eTe\u010f na pa\u017ei zm\u011b\u0159\u00edme tlak\u201c.<\/li>\n<li>Dle stavu pacienta, jeho vn\u00edm\u00e1n\u00ed a porozum\u011bn\u00ed, lze uk\u00e1zat v\u00edce karet za sebou a zn\u00e1zornit tak \u010dasovou posloupnost.<\/li>\n<li>Pou\u017e\u00edv\u00e1n\u00ed karet je vhodn\u00e9 doprov\u00e1zet slovn\u00edm koment\u00e1\u0159em, gesty, p\u0159edv\u00e1d\u011bn\u00edm \u010dinnosti atd.<\/li>\n<\/ol>\n<p><!-- \/wp:paragraph --><\/p>\t\t\t\t\t\t<\/div>\n\t\t\t\t<\/div>\n\t\t\t\t\t<\/div>\n\t\t<\/div>\n\t\t\t\t\t\t\t<\/div>\n\t\t<\/section>\n\t\t\t\t\t\t<\/div>\n\t\t\t\t\t<\/div>\n\t\t","protected":false},"excerpt":{"rendered":"<p>Jak a kdy karty pou\u017e\u00edvat? Pacient komunikuje tak, \u017ee na karty z p\u0159im\u011b\u0159en\u00e9 vzd\u00e1lenosti ukazuje. Karty mus\u00ed b\u00fdt v zorn\u00e9m poli pacienta. Pokud to lze a pacient souhlas\u00ed, vlo\u017ete karty pacientovi do ruky. Nesp\u011bchejte, karty ponechte dostate\u010dnou dobu v zorn\u00e9m poli pacienta, ov\u011b\u0159ujte si, zda se na karty d\u00edv\u00e1. Pozorujte, zda pacient rozeznal symbol a &hellip;<\/p>\n<p class=\"read-more\"> <a class=\"\" href=\"https:\/\/www.komunikacni-karty.cz\/index.php\/e-karty-10comm\/\"> <span class=\"screen-reader-text\">Desatero komunikace<\/span> Read More &raquo;<\/a><\/p>\n","protected":false},"author":1,"featured_media":0,"parent":0,"menu_order":0,"comment_status":"closed","ping_status":"closed","template":"","meta":[],"_links":{"self":[{"href":"https:\/\/www.komunikacni-karty.cz\/index.php\/wp-json\/wp\/v2\/pages\/318"}],"collection":[{"href":"https:\/\/www.komunikacni-karty.cz\/index.php\/wp-json\/wp\/v2\/pages"}],"about":[{"href":"https:\/\/www.komunikacni-karty.cz\/index.php\/wp-json\/wp\/v2\/types\/page"}],"author":[{"embeddable":true,"href":"https:\/\/www.komunikacni-karty.cz\/index.php\/wp-json\/wp\/v2\/users\/1"}],"replies":[{"embeddable":true,"href":"https:\/\/www.komunikacni-karty.cz\/index.php\/wp-json\/wp\/v2\/comments?post=318"}],"version-history":[{"count":8,"href":"https:\/\/www.komunikacni-karty.cz\/index.php\/wp-json\/wp\/v2\/pages\/318\/revisions"}],"predecessor-version":[{"id":503,"href":"https:\/\/www.komunikacni-karty.cz\/index.php\/wp-json\/wp\/v2\/pages\/318\/revisions\/503"}],"wp:attachment":[{"href":"https:\/\/www.komunikacni-karty.cz\/index.php\/wp-json\/wp\/v2\/media?parent=318"}],"curies":[{"name":"wp","href":"https:\/\/api.w.org\/{rel}","templated":true}]}}