{"id":403,"date":"2021-11-19T09:25:51","date_gmt":"2021-11-19T09:25:51","guid":{"rendered":"https:\/\/www.komunikacni-karty.cz\/?page_id=403"},"modified":"2021-12-21T12:42:53","modified_gmt":"2021-12-21T12:42:53","slug":"editgrid","status":"publish","type":"page","link":"https:\/\/www.komunikacni-karty.cz\/index.php\/editgrid\/","title":{"rendered":"Editace m\u0159\u00ed\u017eky"},"content":{"rendered":"\t\t<div data-elementor-type=\"wp-page\" data-elementor-id=\"403\" class=\"elementor elementor-403\" data-elementor-settings=\"[]\">\n\t\t\t\t\t\t\t<div class=\"elementor-section-wrap\">\n\t\t\t\t\t\t\t<section class=\"elementor-section elementor-top-section elementor-element elementor-element-c34c3c5 elementor-section-boxed elementor-section-height-default elementor-section-height-default\" data-id=\"c34c3c5\" data-element_type=\"section\">\n\t\t\t\t\t\t<div class=\"elementor-container elementor-column-gap-default\">\n\t\t\t\t\t<div class=\"elementor-column elementor-col-100 elementor-top-column elementor-element elementor-element-72b3394\" data-id=\"72b3394\" data-element_type=\"column\">\n\t\t\t<div class=\"elementor-widget-wrap\">\n\t\t\t\t\t\t\t\t\t<\/div>\n\t\t<\/div>\n\t\t\t\t\t\t\t<\/div>\n\t\t<\/section>\n\t\t\t\t<section class=\"elementor-section elementor-top-section elementor-element elementor-element-70bcab8 elementor-section-boxed elementor-section-height-default elementor-section-height-default\" data-id=\"70bcab8\" data-element_type=\"section\">\n\t\t\t\t\t\t<div class=\"elementor-container elementor-column-gap-default\">\n\t\t\t\t\t<div class=\"elementor-column elementor-col-100 elementor-top-column elementor-element elementor-element-9fa9af3\" data-id=\"9fa9af3\" data-element_type=\"column\">\n\t\t\t<div class=\"elementor-widget-wrap elementor-element-populated\">\n\t\t\t\t\t\t\t\t<div class=\"elementor-element elementor-element-48c3094 elementor-widget elementor-widget-text-editor\" data-id=\"48c3094\" data-element_type=\"widget\" data-widget_type=\"text-editor.default\">\n\t\t\t\t<div class=\"elementor-widget-container\">\n\t\t\t\t\t\t\t<p>Na komunika\u010dn\u00ed kartu lze vlo\u017eit libovoln\u00fd obr\u00e1zek, pod obr\u00e1zek lze napsat libovoln\u00fd text (kr\u00e1tk\u00fd), ke kart\u011b lze p\u0159i\u0159adit textovou fr\u00e1zi (i del\u0161\u00ed), kterou po\u010d\u00edta\u010d p\u0159e\u010dte syntetick\u00fdm hlasem.<\/p><p>M\u0159\u00ed\u017eky upravujete v\u00a0po\u010d\u00edta\u010di se syst\u00e9mem Windows 10 v\u00a0instalovan\u00e9m a aktivovan\u00e9m komunika\u010dn\u00edm syst\u00e9mu GRID. Tablet iPad je pouze pasivn\u00edm klientem, s\u00a0n\u00edm\u017e upraven\u00fd svazek m\u0159\u00ed\u017eek sd\u00edl\u00edte \u2013 v\u00a0tabletu \u017e\u00e1dn\u00e9 \u00fapravy prov\u00e1d\u011bt nelze.<\/p><p>Otev\u0159ete m\u0159\u00ed\u017eku, kterou chcete upravovat, na obrazovce vlevo naho\u0159e nad m\u0159\u00ed\u017ekou je ikona menu. V\u00a0menu vyberte \u201eUpravit m\u0159\u00ed\u017eku (F11)\u201c a otev\u0159e se edita\u010dn\u00ed obrazovka, kter\u00e1 vypad\u00e1 nap\u0159. takto:<\/p>\t\t\t\t\t\t<\/div>\n\t\t\t\t<\/div>\n\t\t\t\t\t<\/div>\n\t\t<\/div>\n\t\t\t\t\t\t\t<\/div>\n\t\t<\/section>\n\t\t\t\t<section class=\"elementor-section elementor-top-section elementor-element elementor-element-87f0dea elementor-section-boxed elementor-section-height-default elementor-section-height-default\" data-id=\"87f0dea\" data-element_type=\"section\">\n\t\t\t\t\t\t<div class=\"elementor-container elementor-column-gap-default\">\n\t\t\t\t\t<div class=\"elementor-column elementor-col-100 elementor-top-column elementor-element elementor-element-4d3c570\" data-id=\"4d3c570\" data-element_type=\"column\">\n\t\t\t<div class=\"elementor-widget-wrap elementor-element-populated\">\n\t\t\t\t\t\t\t\t<div class=\"elementor-element elementor-element-c0c6261 elementor-widget elementor-widget-image\" data-id=\"c0c6261\" data-element_type=\"widget\" data-widget_type=\"image.default\">\n\t\t\t\t<div class=\"elementor-widget-container\">\n\t\t\t\t\t\t\t\t\t\t\t\t\t\t\t<img width=\"1024\" height=\"544\" src=\"https:\/\/www.komunikacni-karty.cz\/wp-content\/uploads\/2021\/11\/Editace-mrizky-1024x544.jpg\" class=\"attachment-large size-large\" alt=\"\" loading=\"lazy\" \/>\t\t\t\t\t\t\t\t\t\t\t\t\t\t\t<\/div>\n\t\t\t\t<\/div>\n\t\t\t\t\t<\/div>\n\t\t<\/div>\n\t\t\t\t\t\t\t<\/div>\n\t\t<\/section>\n\t\t\t\t<section class=\"elementor-section elementor-top-section elementor-element elementor-element-cf6fe85 elementor-section-boxed elementor-section-height-default elementor-section-height-default\" data-id=\"cf6fe85\" data-element_type=\"section\">\n\t\t\t\t\t\t<div class=\"elementor-container elementor-column-gap-default\">\n\t\t\t\t\t<div class=\"elementor-column elementor-col-100 elementor-top-column elementor-element elementor-element-6f0648c\" data-id=\"6f0648c\" data-element_type=\"column\">\n\t\t\t<div class=\"elementor-widget-wrap elementor-element-populated\">\n\t\t\t\t\t\t\t\t<div class=\"elementor-element elementor-element-62e7a98 elementor-widget elementor-widget-text-editor\" data-id=\"62e7a98\" data-element_type=\"widget\" data-widget_type=\"text-editor.default\">\n\t\t\t\t<div class=\"elementor-widget-container\">\n\t\t\t\t\t\t\t<p>Karta nebo obr\u00e1zek v\u00a0m\u0159\u00ed\u017ece se naz\u00fdv\u00e1 bu\u0148ka. Ka\u017ed\u00e1 bu\u0148ka m\u016f\u017ee m\u00edt grafiku (obr\u00e1zek), textov\u00fd popis pod (nebo nad) obr\u00e1zkem, p\u0159i\u0159azenou textovou fr\u00e1zi (tu \u0159ekne syntetick\u00fdm hlasem po\u010d\u00edta\u010d) a p\u0159i\u0159azen\u00fd p\u0159\u00edkaz.<\/p>\t\t\t\t\t\t<\/div>\n\t\t\t\t<\/div>\n\t\t\t\t\t<\/div>\n\t\t<\/div>\n\t\t\t\t\t\t\t<\/div>\n\t\t<\/section>\n\t\t\t\t<section class=\"elementor-section elementor-top-section elementor-element elementor-element-b36ca57 elementor-section-boxed elementor-section-height-default elementor-section-height-default\" data-id=\"b36ca57\" data-element_type=\"section\">\n\t\t\t\t\t\t<div class=\"elementor-container elementor-column-gap-default\">\n\t\t\t\t\t<div class=\"elementor-column elementor-col-50 elementor-top-column elementor-element elementor-element-51b62f0\" data-id=\"51b62f0\" data-element_type=\"column\">\n\t\t\t<div class=\"elementor-widget-wrap elementor-element-populated\">\n\t\t\t\t\t\t\t\t<div class=\"elementor-element elementor-element-4de3d9c elementor-widget elementor-widget-text-editor\" data-id=\"4de3d9c\" data-element_type=\"widget\" data-widget_type=\"text-editor.default\">\n\t\t\t\t<div class=\"elementor-widget-container\">\n\t\t\t\t\t\t\t<p>Kdy\u017e zv\u00fdrazn\u00edte bu\u0148ku, otev\u0159e se po prav\u00e9m klepnut\u00ed my\u0161\u00ed kontextov\u00e9 menu s\u00a0polo\u017ekami:<\/p>\t\t\t\t\t\t<\/div>\n\t\t\t\t<\/div>\n\t\t\t\t\t<\/div>\n\t\t<\/div>\n\t\t\t\t<div class=\"elementor-column elementor-col-50 elementor-top-column elementor-element elementor-element-fa07363\" data-id=\"fa07363\" data-element_type=\"column\">\n\t\t\t<div class=\"elementor-widget-wrap elementor-element-populated\">\n\t\t\t\t\t\t\t\t<div class=\"elementor-element elementor-element-b5fdd00 elementor-widget elementor-widget-image\" data-id=\"b5fdd00\" data-element_type=\"widget\" data-widget_type=\"image.default\">\n\t\t\t\t<div class=\"elementor-widget-container\">\n\t\t\t\t\t\t\t\t\t\t\t\t\t\t\t<img width=\"217\" height=\"261\" src=\"https:\/\/www.komunikacni-karty.cz\/wp-content\/uploads\/2021\/11\/kontext-menu.jpg\" class=\"attachment-large size-large\" alt=\"\" loading=\"lazy\" \/>\t\t\t\t\t\t\t\t\t\t\t\t\t\t\t<\/div>\n\t\t\t\t<\/div>\n\t\t\t\t\t<\/div>\n\t\t<\/div>\n\t\t\t\t\t\t\t<\/div>\n\t\t<\/section>\n\t\t\t\t<section class=\"elementor-section elementor-top-section elementor-element elementor-element-d6b9a44 elementor-section-boxed elementor-section-height-default elementor-section-height-default\" data-id=\"d6b9a44\" data-element_type=\"section\">\n\t\t\t\t\t\t<div class=\"elementor-container elementor-column-gap-default\">\n\t\t\t\t\t<div class=\"elementor-column elementor-col-100 elementor-top-column elementor-element elementor-element-17e201f\" data-id=\"17e201f\" data-element_type=\"column\">\n\t\t\t<div class=\"elementor-widget-wrap elementor-element-populated\">\n\t\t\t\t\t\t\t\t<div class=\"elementor-element elementor-element-4a25731 elementor-widget elementor-widget-text-editor\" data-id=\"4a25731\" data-element_type=\"widget\" data-widget_type=\"text-editor.default\">\n\t\t\t\t<div class=\"elementor-widget-container\">\n\t\t\t\t\t\t\t<p>Volbou \u201eZm\u011bnit popis\u201c zm\u011bn\u00edte text u obr\u00e1zku, volbou \u201eNaj\u00edt obr\u00e1zek &gt; Soubor obr\u00e1zk\u016f &gt; Proch\u00e1zet\u201c do bu\u0148ky vlo\u017e\u00edte vlastn\u00ed obr\u00e1zek, kter\u00fd m\u00e1te v&nbsp;po\u010d\u00edta\u010di, volbou \u201eOdstranit\u201c bu\u0148ku sma\u017eete.<\/p>\n<p>D\u00e1le p\u0159eta\u017een\u00edm jak\u00e9koli bu\u0148ky do jin\u00e9 pr\u00e1zdn\u00e9 bu\u0148ky nebo kop\u00edrov\u00e1n\u00edm a vkl\u00e1d\u00e1n\u00edm bun\u011bk (kl\u00e1vesov\u00fdmi zkratkami Ctrl + C, Ctrl + V, Ctrl +X stejn\u011b jako ve Wordu) snadno m\u0159\u00ed\u017eku uspo\u0159\u00e1d\u00e1te jinak.<\/p>\n<p>Volbou \u201ePokro\u010dil\u00e1 editace\u201c v&nbsp;lev\u00e9m svisl\u00e9m panelu otev\u0159ete textov\u00e9 pole, kam m\u016f\u017eete napsat fr\u00e1zi, kterou \u0159ekne po\u010d\u00edta\u010d po odklepnut\u00ed bu\u0148ky v&nbsp;komunika\u010dn\u00ed obrazovce. Kdy\u017e ponech\u00e1te vyp\u00edna\u010d v&nbsp;lev\u00e9m panelu vypnut\u00fd ve stavu \u201eVypn\u201c, bude pronesen\u00e1 fr\u00e1ze jin\u00e1, ne\u017e je popis u obr\u00e1zku.<\/p>\n<p>Podobn\u00fd popis dal\u0161\u00edch mo\u017en\u00fdch \u00faprav m\u0159\u00ed\u017eky najdete v&nbsp;n\u00e1vodech na str\u00e1nce \u201e<a href=\"https:\/\/www.komunikacni-karty.cz\/index.php\/e-karty-download\/\" target=\"_blank\">Ke sta\u017een\u00ed<\/a>\u201c.<\/p>\n<p>Proveden\u00e9 zm\u011bny ulo\u017e\u00edte v&nbsp;horn\u00edm vodorovn\u00e9m menu polo\u017ekou \u201eKonec \u00faprav\u201c a potvrzen\u00edm \u201eAno\u201c nebo naho\u0159e na kart\u011b \u201eSvazek m\u0159\u00ed\u017eek\u201c volbou \u201eUlo\u017eit v\u0161echny zm\u011bny\u201c a \u201eKonec \u00faprav\u201c. A vr\u00e1t\u00edte se&nbsp; do komunika\u010dn\u00ed obrazovky upraven\u00e9 m\u0159\u00ed\u017eky, odkud volbou \u201eProhl\u00ed\u017ee\u010d m\u0159\u00ed\u017eek\u201c z&nbsp;menu vlevo naho\u0159e otev\u0159ete plochu Gridu.<\/p>\n<p>Upraven\u00fd svazek m\u0159\u00ed\u017eek pak ji\u017e popsan\u00fdm postupem z&nbsp;hlavn\u00edho menu plochy Gridu volbou \u201eSd\u00edlet svazky m\u0159\u00ed\u017eek &gt; GridPlayer\u201c sd\u00edl\u00edte s&nbsp;tabletem.<\/p>\t\t\t\t\t\t<\/div>\n\t\t\t\t<\/div>\n\t\t\t\t\t<\/div>\n\t\t<\/div>\n\t\t\t\t\t\t\t<\/div>\n\t\t<\/section>\n\t\t\t\t<section class=\"elementor-section elementor-top-section elementor-element elementor-element-c774073 elementor-section-boxed elementor-section-height-default elementor-section-height-default\" data-id=\"c774073\" data-element_type=\"section\">\n\t\t\t\t\t\t<div class=\"elementor-container elementor-column-gap-default\">\n\t\t\t\t\t<div class=\"elementor-column elementor-col-100 elementor-top-column elementor-element elementor-element-6ea2b1c\" data-id=\"6ea2b1c\" data-element_type=\"column\">\n\t\t\t<div class=\"elementor-widget-wrap elementor-element-populated\">\n\t\t\t\t\t\t\t\t<div class=\"elementor-element elementor-element-d5fb6cf elementor-widget elementor-widget-text-editor\" data-id=\"d5fb6cf\" data-element_type=\"widget\" data-widget_type=\"text-editor.default\">\n\t\t\t\t<div class=\"elementor-widget-container\">\n\t\t\t\t\t\t\t<p>A\u017e tak je to jednoduch\u00e9!<\/p>\t\t\t\t\t\t<\/div>\n\t\t\t\t<\/div>\n\t\t\t\t\t<\/div>\n\t\t<\/div>\n\t\t\t\t\t\t\t<\/div>\n\t\t<\/section>\n\t\t\t\t\t\t<\/div>\n\t\t\t\t\t<\/div>\n\t\t","protected":false},"excerpt":{"rendered":"<p>Na komunika\u010dn\u00ed kartu lze vlo\u017eit libovoln\u00fd obr\u00e1zek, pod obr\u00e1zek lze napsat libovoln\u00fd text (kr\u00e1tk\u00fd), ke kart\u011b lze p\u0159i\u0159adit textovou fr\u00e1zi (i del\u0161\u00ed), kterou po\u010d\u00edta\u010d p\u0159e\u010dte syntetick\u00fdm hlasem. M\u0159\u00ed\u017eky upravujete v\u00a0po\u010d\u00edta\u010di se syst\u00e9mem Windows 10 v\u00a0instalovan\u00e9m a aktivovan\u00e9m komunika\u010dn\u00edm syst\u00e9mu GRID. Tablet iPad je pouze pasivn\u00edm klientem, s\u00a0n\u00edm\u017e upraven\u00fd svazek m\u0159\u00ed\u017eek sd\u00edl\u00edte \u2013 v\u00a0tabletu \u017e\u00e1dn\u00e9 \u00fapravy &hellip;<\/p>\n<p class=\"read-more\"> <a class=\"\" href=\"https:\/\/www.komunikacni-karty.cz\/index.php\/editgrid\/\"> <span class=\"screen-reader-text\">Editace m\u0159\u00ed\u017eky<\/span> Read More &raquo;<\/a><\/p>\n","protected":false},"author":1,"featured_media":0,"parent":0,"menu_order":0,"comment_status":"closed","ping_status":"closed","template":"","meta":[],"_links":{"self":[{"href":"https:\/\/www.komunikacni-karty.cz\/index.php\/wp-json\/wp\/v2\/pages\/403"}],"collection":[{"href":"https:\/\/www.komunikacni-karty.cz\/index.php\/wp-json\/wp\/v2\/pages"}],"about":[{"href":"https:\/\/www.komunikacni-karty.cz\/index.php\/wp-json\/wp\/v2\/types\/page"}],"author":[{"embeddable":true,"href":"https:\/\/www.komunikacni-karty.cz\/index.php\/wp-json\/wp\/v2\/users\/1"}],"replies":[{"embeddable":true,"href":"https:\/\/www.komunikacni-karty.cz\/index.php\/wp-json\/wp\/v2\/comments?post=403"}],"version-history":[{"count":12,"href":"https:\/\/www.komunikacni-karty.cz\/index.php\/wp-json\/wp\/v2\/pages\/403\/revisions"}],"predecessor-version":[{"id":493,"href":"https:\/\/www.komunikacni-karty.cz\/index.php\/wp-json\/wp\/v2\/pages\/403\/revisions\/493"}],"wp:attachment":[{"href":"https:\/\/www.komunikacni-karty.cz\/index.php\/wp-json\/wp\/v2\/media?parent=403"}],"curies":[{"name":"wp","href":"https:\/\/api.w.org\/{rel}","templated":true}]}}